{"id":277,"date":"2022-08-22T10:15:11","date_gmt":"2022-08-22T08:15:11","guid":{"rendered":"https:\/\/heitmann-ropo.de\/datenschutzerklaerung\/"},"modified":"2023-03-13T11:51:39","modified_gmt":"2023-03-13T10:51:39","slug":"privacy","status":"publish","type":"page","link":"https:\/\/heitmann-ropo.de\/en\/privacy\/","title":{"rendered":"Privacy Policy"},"content":{"rendered":"<h4>Verantwortliche Stelle im Sinne der Datenschutzgesetze, insbesondere der<br \/>\nEU-Datenschutzgrundverordnung (DSGVO)<\/h4>\n<p>Heitmann GmbH<br \/>\nBahnhofstra\u00dfe 15<br \/>\n58579 Schalksm\u00fchle<br \/>\nTelefon: +49 (0) 23 55 \/ 22 88<br \/>\nTelefax: +49 (0) 23 55 \/ 34 88<br \/>\nmail: info@heitmann-ropo.de<br \/>\nvertreten durch: Frau Anne Heitmann<br \/>\nUnseren Datenschutzbeauftragten erreichen Sie unter den o.g. Kontaktdaten oder unter:<br \/>\ndatenschutz@heitmann-ropo.de<\/p>\n<h4>Ihre Betroffenenrechte<\/h4>\n<p>Unter den angegebenen Kontaktdaten unseres Datenschutzbeauftragten k\u00f6nnen Sie jederzeit folgende Rechte aus\u00fcben:<br \/>\n\u2022 Auskunft \u00fcber Ihre bei uns gespeicherten Daten und deren Verarbeitung (Art. 15 DSGVO),<br \/>\n\u2022 Berichtigung unrichtiger personenbezogener Daten (Art. 16 DSGVO),<br \/>\n\u2022 L\u00f6schung Ihrer bei uns gespeicherten Daten (Art. 17 DSGVO),<br \/>\n\u2022 Einschr\u00e4nkung der Datenverarbeitung, sofern wir Ihre Daten aufgrund gesetzlicher Pflichten noch nicht l\u00f6schen d\u00fcrfen (Art. 18 DSGVO),<br \/>\n\u2022 Widerspruch gegen die Verarbeitung Ihrer Daten bei uns (Art. 21 DSGVO) und<br \/>\n\u2022 Daten\u00fcbertragbarkeit, sofern Sie in die Datenverarbeitung eingewilligt haben oder einen Vertrag mit uns abgeschlossen haben (Art. 20 DSGVO). Sofern Sie uns eine Einwilligung erteilt haben, k\u00f6nnen Sie diese jederzeit mit Wirkung f\u00fcr die Zukunft widerrufen. Sie k\u00f6nnen sich jederzeit mit einer Beschwerde an eine Aufsichtsbeh\u00f6rde wenden, z. B. an die zust\u00e4ndige Aufsichtsbeh\u00f6rde des Bundeslands Ihres Wohnsitzes oder an die f\u00fcr uns als verantwortliche Stelle zust\u00e4ndige Beh\u00f6rde. Eine Liste der Aufsichtsbeh\u00f6rden (f\u00fcr den nicht\u00f6ffentlichen Bereich) mit Anschrift finden Sie unter: <a href=\"https:\/\/www.bfdi.bund.de\/DE\/Infothek\/Anschriften_Links\/anschriften_links-node.html\" target=\"_blank\" rel=\"noopener\">bfdi.bund.de<\/a>.<\/p>\n<h4>Erfassung allgemeiner Informationen beim Besuch unserer Website Art und Zweck der Verarbeitung<\/h4>\n<p>Wenn Sie auf unsere Website zugreifen, d.h., wenn Sie sich nicht registrieren oder anderweitig Infor<\/p>\n<p>mationen \u00fcbermitteln, werden automatisch Informationen allgemeiner Natur erfasst. Diese Informationen (Server-Logfiles) beinhalten etwa die Art des Webbrowsers, das verwendete Betriebssystem, den Domainnamen Ihres Internet-Service-Providers, Ihre IP-Adresse und \u00e4hnliches. Hierbei handelt es sich ausschlie\u00dflich um Informationen, welche keine R\u00fcckschl\u00fcsse auf Ihre Person zulassen. Sie werden insbesondere zu folgenden Zwecken verarbeitet:<br \/>\n\u2022 Sicherstellung eines problemlosen Verbindungsaufbaus der Website,<br \/>\n\u2022 Sicherstellung einer reibungslosen Nutzung unserer Website,<br \/>\n\u2022 Auswertung der Systemsicherheit und -stabilit\u00e4t sowie<br \/>\n\u2022 zu weiteren administrativen Zwecken.<br \/>\nWir verwenden Ihre Daten nicht, um R\u00fcckschl\u00fcsse auf Ihre Person zu ziehen. Informationen dieser Art werden von uns ggfs. statistisch ausgewertet, um unseren Internetauftritt und die dahinterstehende Technik zu optimieren.<\/p>\n<p>Rechtsgrundlage<br \/>\nDie Verarbeitung erfolgt gem\u00e4\u00df Art. 6 Abs. 1 lit. f DSGVO auf Basis unseres berechtigten Interesses an der Verbesserung der Stabilit\u00e4t und Funktionalit\u00e4t unserer Website.<\/p>\n<h4>Empf\u00e4nger<\/h4>\n<p>Empf\u00e4nger der Daten sind ggf. technische Dienstleister, die f\u00fcr den Betrieb und die Wartung unserer Webseite als Auftragsverarbeiter t\u00e4tig werden.<br \/>\nSpeicherdauer: Die Daten werden gel\u00f6scht, sobald diese f\u00fcr den Zweck der Erhebung nicht mehr erforderlich sind. Dies ist f\u00fcr die Daten, die der Bereitstellung der Webseite dienen, grunds\u00e4tzlich der Fall, wenn die jeweilige Sitzung beendet ist. Bereitstellung vorgeschrieben oder erforderlich: Die Bereitstellung der vorgenannten personenbezogenen Daten ist weder gesetzlich noch vertraglich vorgeschrieben. Ohne die IP-Adresse ist jedoch der Dienst und die Funktionsf\u00e4higkeit unserer Website nicht gew\u00e4hrleistet. Zudem k\u00f6nnen einzelne Dienste und Services nicht verf\u00fcgbar oder eingeschr\u00e4nkt sein. Aus diesem Grund ist ein Widerspruch ausgeschlossen.<\/p>\n<h4>Verwendung von Scriptbibliotheken (Google Webfonts)<\/h4>\n<p>Art und Zweck der Verarbeitung<br \/>\nUm unsere Inhalte browser\u00fcbergreifend korrekt und grafisch ansprechend darzustellen, verwenden wir auf dieser Website \u201eGoogle Web Fonts\u201c der Google LLC (1600 Amphitheatre Parkway, Mountain View, CA 94043, USA; nachfolgend \u201eGoogle\u201c) zur Darstellung von Schriften. Die Datenschutzrichtlinie des Bibliothekbetreibers Google finden Sie hier: https:\/\/www.google.com\/policies\/privacy\/ Rechtsgrundlage: Rechtsgrundlage f\u00fcr die Einbindung von Google Webfonts und dem damit verbundenen Datentransfer zu Google ist Ihre Einwilligung (Art. 6 Abs. 1 lit. a DSGVO). Empf\u00e4nger: Der Aufruf von Scriptbibliotheken oder Schriftbibliotheken l\u00f6st automatisch eine Verbindung zum Betreiber der Bibliothek aus. Dabei ist es theoretisch m\u00f6glich &#8211; aktuell allerdings auch unklar ob und ggf. zu welchen Zwecken &#8211; dass der Betreiber in diesem Fall Google Daten erhebt.<\/p>\n<h4>Speicherdauer<\/h4>\n<p>Wir erheben keine personenbezogenen Daten, durch die Einbindung von Google Webfonts. Weitere Informationen zu Google Web Fonts finden Sie unter https:\/\/developers.google.com\/fonts\/faq und in der Datenschutzerkl\u00e4rung von Google: https:\/\/www.google.com\/policies\/privacy\/.<\/p>\n<h4>Drittlandtransfer<\/h4>\n<p>Google verarbeitet Ihre Daten in den USA und hat sich dem EU_US Privacy Shield unterworfen https:\/\/www.privacyshield.gov\/EU-US-Framework. Bereitstellung vorgeschrieben oder erforderlich:<br \/>\nDie Bereitstellung der personenbezogenen Daten ist weder gesetzlich, noch vertraglich vorgeschrieben. Allerdings kann ohne die korrekte Darstellung der Inhalte von Standardschriften nicht erm\u00f6glicht werden.<\/p>\n<h4>Widerruf der Einwilligung<\/h4>\n<p>Zur Darstellung der Inhalte wird regelm\u00e4\u00dfig die Programmiersprache JavaScript verwendet. Sie k\u00f6nnen der Datenverarbeitung daher widersprechen, indem Sie die Ausf\u00fchrung von JavaScript in Ihrem Browser deaktivieren oder einen Einbindung JavaScript-Blocker installieren. Bitte beachten Sie, dass es hierdurch zu Funktionseinschr\u00e4nkungen auf der Website kommen kann. Bereitstellung vorgeschrieben oder erforderlich: Die Bereitstellung der personenbezogenen Daten ist weder gesetzlich, noch vertraglich vorgeschrieben. Allerdings kann ohne die korrekte Darstellung der Inhalte von Standardschriften nicht erm\u00f6glicht werden. SSL-Verschl\u00fcsselung Um die Sicherheit Ihrer Daten bei der \u00dcbertragung zu sch\u00fctzen, verwenden wir dem aktuellen Stand der Technik entsprechende Verschl\u00fcsselungsverfahren (z. B. SSL) \u00fcber HTTPS. Eingesetzte Auftragsverarbeiter Folgende Organisationen, Unternehmen bzw. Personen wurden vom Betreiber dieser Website mit der Verarbeitung von Daten beauftragt: STRATO AG; Pascalstra\u00dfe 10; 10587 Berlin \u00c4nderung unserer Datenschutzbestimmungen Wir behalten uns vor, diese Datenschutzerkl\u00e4rung anzupassen, damit sie stets den aktuellen rechtlichen Anforderungen entspricht oder um \u00e4nderungen unserer Leistungen in der Datenschutzerkl\u00e4rung umzusetzen, z.B. bei der Einf\u00fchrung neuer Services. F\u00fcr Ihren erneuten Besuch gilt dann die neue Datenschutzerkl\u00e4rung. Fragen an den Datenschutzbeauftragten Wenn Sie Fragen zum Datenschutz haben, schreiben Sie uns bitte eine E-Mail oder wenden Sie sich direkt an die f\u00fcr den Datenschutz verantwortliche Person in unserer Organisation: info@heitmann-ropo.de<\/p>\n","protected":false},"excerpt":{"rendered":"<p>Verantwortliche Stelle im Sinne der Datenschutzgesetze, insbesondere der EU-Datenschutzgrundverordnung (DSGVO) Heitmann GmbH Bahnhofstra\u00dfe 15 58579 Schalksm\u00fchle Telefon: +49 (0) 23 55 \/ 22 88 Telefax: +49 (0) 23 55 \/ 34 88 mail: info@heitmann-ropo.de vertreten durch: Frau Anne Heitmann Unseren Datenschutzbeauftragten erreichen Sie unter den o.g. Kontaktdaten oder unter: datenschutz@heitmann-ropo.de Ihre Betroffenenrechte Unter den angegebenen [&hellip;]<\/p>\n","protected":false},"author":1,"featured_media":0,"parent":0,"menu_order":0,"comment_status":"closed","ping_status":"open","template":"page-legal.php","meta":{"_acf_changed":false,"footnotes":""},"class_list":["post-277","page","type-page","status-publish","hentry"],"acf":[],"_links":{"self":[{"href":"https:\/\/heitmann-ropo.de\/en\/wp-json\/wp\/v2\/pages\/277","targetHints":{"allow":["GET"]}}],"collection":[{"href":"https:\/\/heitmann-ropo.de\/en\/wp-json\/wp\/v2\/pages"}],"about":[{"href":"https:\/\/heitmann-ropo.de\/en\/wp-json\/wp\/v2\/types\/page"}],"author":[{"embeddable":true,"href":"https:\/\/heitmann-ropo.de\/en\/wp-json\/wp\/v2\/users\/1"}],"replies":[{"embeddable":true,"href":"https:\/\/heitmann-ropo.de\/en\/wp-json\/wp\/v2\/comments?post=277"}],"version-history":[{"count":1,"href":"https:\/\/heitmann-ropo.de\/en\/wp-json\/wp\/v2\/pages\/277\/revisions"}],"predecessor-version":[{"id":278,"href":"https:\/\/heitmann-ropo.de\/en\/wp-json\/wp\/v2\/pages\/277\/revisions\/278"}],"wp:attachment":[{"href":"https:\/\/heitmann-ropo.de\/en\/wp-json\/wp\/v2\/media?parent=277"}],"curies":[{"name":"wp","href":"https:\/\/api.w.org\/{rel}","templated":true}]}}